{"id":3215,"date":"2023-02-26T20:10:28","date_gmt":"2023-02-26T20:10:28","guid":{"rendered":"https:\/\/implementadiy.com\/cookies-policy\/"},"modified":"2023-03-06T10:37:27","modified_gmt":"2023-03-06T10:37:27","slug":"cookies-policy","status":"publish","type":"page","link":"https:\/\/implementadiy.com\/en\/cookies-policy\/","title":{"rendered":"Cookies policy"},"content":{"rendered":"<div class=\"fusion-fullwidth fullwidth-box fusion-builder-row-1 fusion-flex-container nonhundred-percent-fullwidth non-hundred-percent-height-scrolling\" style=\"--awb-border-radius-top-left:0px;--awb-border-radius-top-right:0px;--awb-border-radius-bottom-right:0px;--awb-border-radius-bottom-left:0px;--awb-flex-wrap:wrap;\" ><div class=\"fusion-builder-row fusion-row fusion-flex-align-items-flex-start fusion-flex-content-wrap\" style=\"max-width:1248px;margin-left: calc(-4% \/ 2 );margin-right: calc(-4% \/ 2 );\"><div class=\"fusion-layout-column fusion_builder_column fusion-builder-column-0 fusion_builder_column_1_1 1_1 fusion-flex-column\" style=\"--awb-bg-size:cover;--awb-width-large:100%;--awb-margin-top-large:0px;--awb-spacing-right-large:1.92%;--awb-margin-bottom-large:0px;--awb-spacing-left-large:1.92%;--awb-width-medium:100%;--awb-spacing-right-medium:1.92%;--awb-spacing-left-medium:1.92%;--awb-width-small:100%;--awb-spacing-right-small:1.92%;--awb-spacing-left-small:1.92%;\"><div class=\"fusion-column-wrapper fusion-flex-justify-content-flex-start fusion-content-layout-column\"><div class=\"fusion-text fusion-text-1\"><p>&#13;<\/p>\n<p>Utilizamos cookies para facilitar el uso de nuestra p\u00e1gina web. Las cookies son peque\u00f1os ficheros de texto que su navegador almacena en el disco duro de su ordenador y que son necesarias para utilizar nuestra p\u00e1gina web. Las utilizamos para entender mejor la manera en la que se usa nuestra p\u00e1gina web y de esta manera poder mejorar consecuentemente el proceso de navegaci\u00f3n.<\/p>\n<p>&#13;<\/p>\n<p>Las cookies son el referente que nos indica, por ejemplo, si una p\u00e1gina de nuestra web ha sido vista con anterioridad, o si su visita es nueva o recurrente. Las cookies que utilizamos no almacenan datos personal alguno, ni ning\u00fan tipo de informaci\u00f3n que pueda identificarle.<\/p>\n<p>&#13;<\/p>\n<p>En caso de no querer recibir cookies, por favor configure su navegador de Internet para que las borre del disco duro de su ordenador, las bloquee o le avise en caso de instalaci\u00f3n de las mismas.<\/p>\n<p>&#13;<\/p>\n<p>\u2022 Internet Explorer<br\/>windows.microsoft.com\/es-xl\/internet-explorer\/delete-manage-cookies#ie=\u201die-10<br\/>\u2022 FireFox:<br\/>support.mozilla.org\/es\/kb\/Borrar%20cookies<br\/>\u2022 Chrome:<br\/>https:\/\/support.google.com\/chrome\/answer\/95647?hl=es<br\/>\u2022 Safari:<br\/>www.apple.com\/es\/privacy\/use-of-cookies<\/p>\n<p>&#13;<\/p>\n<\/div><\/div><\/div><\/div><\/div>\n","protected":false},"excerpt":{"rendered":"","protected":false},"author":1,"featured_media":0,"parent":0,"menu_order":0,"comment_status":"closed","ping_status":"open","template":"","meta":{"_acf_changed":false,"footnotes":""},"class_list":["post-3215","page","type-page","status-publish","hentry"],"acf":[],"yoast_head":"<!-- This site is optimized with the Yoast SEO plugin v26.3 - https:\/\/yoast.com\/wordpress\/plugins\/seo\/ -->\n<title>Cookies policy - Implementadiy<\/title>\n<meta name=\"robots\" content=\"index, follow, max-snippet:-1, max-image-preview:large, max-video-preview:-1\" \/>\n<link rel=\"canonical\" href=\"https:\/\/implementadiy.com\/en\/cookies-policy\/\" \/>\n<meta property=\"og:locale\" content=\"en_US\" \/>\n<meta property=\"og:type\" content=\"article\" \/>\n<meta property=\"og:title\" content=\"Cookies policy - Implementadiy\" \/>\n<meta property=\"og:url\" content=\"https:\/\/implementadiy.com\/en\/cookies-policy\/\" \/>\n<meta property=\"og:site_name\" content=\"Implementadiy\" \/>\n<meta property=\"article:modified_time\" content=\"2023-03-06T10:37:27+00:00\" \/>\n<meta name=\"twitter:card\" content=\"summary_large_image\" \/>\n<meta name=\"twitter:label1\" content=\"Est. reading time\" \/>\n\t<meta name=\"twitter:data1\" content=\"2 minutes\" \/>\n<script type=\"application\/ld+json\" class=\"yoast-schema-graph\">{\"@context\":\"https:\/\/schema.org\",\"@graph\":[{\"@type\":\"WebPage\",\"@id\":\"https:\/\/implementadiy.com\/en\/cookies-policy\/\",\"url\":\"https:\/\/implementadiy.com\/en\/cookies-policy\/\",\"name\":\"Cookies policy - Implementadiy\",\"isPartOf\":{\"@id\":\"https:\/\/implementadiy.com\/en\/#website\"},\"datePublished\":\"2023-02-26T20:10:28+00:00\",\"dateModified\":\"2023-03-06T10:37:27+00:00\",\"breadcrumb\":{\"@id\":\"https:\/\/implementadiy.com\/en\/cookies-policy\/#breadcrumb\"},\"inLanguage\":\"en-US\",\"potentialAction\":[{\"@type\":\"ReadAction\",\"target\":[\"https:\/\/implementadiy.com\/en\/cookies-policy\/\"]}]},{\"@type\":\"BreadcrumbList\",\"@id\":\"https:\/\/implementadiy.com\/en\/cookies-policy\/#breadcrumb\",\"itemListElement\":[{\"@type\":\"ListItem\",\"position\":1,\"name\":\"Home\",\"item\":\"https:\/\/implementadiy.com\/en\/\"},{\"@type\":\"ListItem\",\"position\":2,\"name\":\"Cookies policy\"}]},{\"@type\":\"WebSite\",\"@id\":\"https:\/\/implementadiy.com\/en\/#website\",\"url\":\"https:\/\/implementadiy.com\/en\/\",\"name\":\"Implementadiy\",\"description\":\"Fuerza de ventas\",\"potentialAction\":[{\"@type\":\"SearchAction\",\"target\":{\"@type\":\"EntryPoint\",\"urlTemplate\":\"https:\/\/implementadiy.com\/en\/?s={search_term_string}\"},\"query-input\":{\"@type\":\"PropertyValueSpecification\",\"valueRequired\":true,\"valueName\":\"search_term_string\"}}],\"inLanguage\":\"en-US\"}]}<\/script>\n<!-- \/ Yoast SEO plugin. -->","yoast_head_json":{"title":"Cookies policy - Implementadiy","robots":{"index":"index","follow":"follow","max-snippet":"max-snippet:-1","max-image-preview":"max-image-preview:large","max-video-preview":"max-video-preview:-1"},"canonical":"https:\/\/implementadiy.com\/en\/cookies-policy\/","og_locale":"en_US","og_type":"article","og_title":"Cookies policy - Implementadiy","og_url":"https:\/\/implementadiy.com\/en\/cookies-policy\/","og_site_name":"Implementadiy","article_modified_time":"2023-03-06T10:37:27+00:00","twitter_card":"summary_large_image","twitter_misc":{"Est. reading time":"2 minutes"},"schema":{"@context":"https:\/\/schema.org","@graph":[{"@type":"WebPage","@id":"https:\/\/implementadiy.com\/en\/cookies-policy\/","url":"https:\/\/implementadiy.com\/en\/cookies-policy\/","name":"Cookies policy - Implementadiy","isPartOf":{"@id":"https:\/\/implementadiy.com\/en\/#website"},"datePublished":"2023-02-26T20:10:28+00:00","dateModified":"2023-03-06T10:37:27+00:00","breadcrumb":{"@id":"https:\/\/implementadiy.com\/en\/cookies-policy\/#breadcrumb"},"inLanguage":"en-US","potentialAction":[{"@type":"ReadAction","target":["https:\/\/implementadiy.com\/en\/cookies-policy\/"]}]},{"@type":"BreadcrumbList","@id":"https:\/\/implementadiy.com\/en\/cookies-policy\/#breadcrumb","itemListElement":[{"@type":"ListItem","position":1,"name":"Home","item":"https:\/\/implementadiy.com\/en\/"},{"@type":"ListItem","position":2,"name":"Cookies policy"}]},{"@type":"WebSite","@id":"https:\/\/implementadiy.com\/en\/#website","url":"https:\/\/implementadiy.com\/en\/","name":"Implementadiy","description":"Fuerza de ventas","potentialAction":[{"@type":"SearchAction","target":{"@type":"EntryPoint","urlTemplate":"https:\/\/implementadiy.com\/en\/?s={search_term_string}"},"query-input":{"@type":"PropertyValueSpecification","valueRequired":true,"valueName":"search_term_string"}}],"inLanguage":"en-US"}]}},"_links":{"self":[{"href":"https:\/\/implementadiy.com\/en\/wp-json\/wp\/v2\/pages\/3215","targetHints":{"allow":["GET"]}}],"collection":[{"href":"https:\/\/implementadiy.com\/en\/wp-json\/wp\/v2\/pages"}],"about":[{"href":"https:\/\/implementadiy.com\/en\/wp-json\/wp\/v2\/types\/page"}],"author":[{"embeddable":true,"href":"https:\/\/implementadiy.com\/en\/wp-json\/wp\/v2\/users\/1"}],"replies":[{"embeddable":true,"href":"https:\/\/implementadiy.com\/en\/wp-json\/wp\/v2\/comments?post=3215"}],"version-history":[{"count":1,"href":"https:\/\/implementadiy.com\/en\/wp-json\/wp\/v2\/pages\/3215\/revisions"}],"predecessor-version":[{"id":3216,"href":"https:\/\/implementadiy.com\/en\/wp-json\/wp\/v2\/pages\/3215\/revisions\/3216"}],"wp:attachment":[{"href":"https:\/\/implementadiy.com\/en\/wp-json\/wp\/v2\/media?parent=3215"}],"curies":[{"name":"wp","href":"https:\/\/api.w.org\/{rel}","templated":true}]}}