{"id":3933,"date":"2023-02-26T20:10:28","date_gmt":"2023-02-26T19:10:28","guid":{"rendered":"https:\/\/implementadiy.com\/?page_id=3933"},"modified":"2024-05-04T16:29:40","modified_gmt":"2024-05-04T15:29:40","slug":"politique-de-cookies","status":"publish","type":"page","link":"https:\/\/implementadiy.com\/fr\/politique-de-cookies\/","title":{"rendered":"Politique de cookies"},"content":{"rendered":"<div class=\"fusion-fullwidth fullwidth-box fusion-builder-row-1 fusion-flex-container nonhundred-percent-fullwidth non-hundred-percent-height-scrolling\" style=\"--awb-border-radius-top-left:0px;--awb-border-radius-top-right:0px;--awb-border-radius-bottom-right:0px;--awb-border-radius-bottom-left:0px;--awb-flex-wrap:wrap;\" ><div class=\"fusion-builder-row fusion-row fusion-flex-align-items-flex-start fusion-flex-content-wrap\" style=\"max-width:1248px;margin-left: calc(-4% \/ 2 );margin-right: calc(-4% \/ 2 );\"><div class=\"fusion-layout-column fusion_builder_column fusion-builder-column-0 fusion_builder_column_1_1 1_1 fusion-flex-column\" style=\"--awb-bg-size:cover;--awb-width-large:100%;--awb-margin-top-large:0px;--awb-spacing-right-large:1.92%;--awb-margin-bottom-large:0px;--awb-spacing-left-large:1.92%;--awb-width-medium:100%;--awb-spacing-right-medium:1.92%;--awb-spacing-left-medium:1.92%;--awb-width-small:100%;--awb-spacing-right-small:1.92%;--awb-spacing-left-small:1.92%;\"><div class=\"fusion-column-wrapper fusion-flex-justify-content-flex-start fusion-content-layout-column\"><div class=\"fusion-text fusion-text-1\"><p>Nous utilisons des cookies pour faciliter l&rsquo;utilisation de notre site Web. Les cookies sont de petits fichiers texte que votre navigateur stocke sur le disque dur de votre ordinateur et sont n\u00e9cessaires \u00e0 l&rsquo;utilisation de notre site Web. Nous les utilisons pour mieux comprendre la mani\u00e8re dont notre site Internet est utilis\u00e9 et ainsi pouvoir am\u00e9liorer en cons\u00e9quence le processus de navigation.<\/p>\n<p>Les cookies sont la r\u00e9f\u00e9rence qui nous indique, par exemple, si une page de notre site Internet a d\u00e9j\u00e0 \u00e9t\u00e9 consult\u00e9e, ou si votre visite est nouvelle ou r\u00e9currente. Les cookies que nous utilisons ne stockent aucune donn\u00e9e personnelle ni aucun type d&rsquo;information permettant de vous identifier.<\/p>\n<p>Si vous ne souhaitez pas recevoir de cookies, veuillez configurer votre navigateur Internet pour les supprimer du disque dur de votre ordinateur, les bloquer ou vous avertir s&rsquo;ils sont install\u00e9s.<\/p>\n<p>\u2022 Internet Explorer\nwindows.microsoft.com\/es-xl\/internet-explorer\/delete-manage-cookies#ie=\u00a0\u00bbie-10\n\u2022 FireFox\u00a0:\nsupport.mozilla.org\/es\/kb\/Delete%20cookies\n\u2022\u00a0Chrome\u00a0:\nhttps:\/\/support.google.com\/chrome\/answer\/95647?hl=fr\n\u2022Safari\u00a0:\nwww.apple.com\/es\/privacy\/use-of-cookies<\/p>\n<\/div><\/div><\/div><\/div><\/div>","protected":false},"excerpt":{"rendered":"","protected":false},"author":1,"featured_media":0,"parent":0,"menu_order":0,"comment_status":"closed","ping_status":"open","template":"","meta":{"_acf_changed":false,"footnotes":""},"class_list":["post-3933","page","type-page","status-publish","hentry"],"acf":[],"yoast_head":"<!-- This site is optimized with the Yoast SEO plugin v26.3 - https:\/\/yoast.com\/wordpress\/plugins\/seo\/ -->\n<title>Politique de cookies - Implementadiy<\/title>\n<meta name=\"robots\" content=\"index, follow, max-snippet:-1, max-image-preview:large, max-video-preview:-1\" \/>\n<link rel=\"canonical\" href=\"https:\/\/implementadiy.com\/fr\/politique-de-cookies\/\" \/>\n<meta property=\"og:locale\" content=\"fr_FR\" \/>\n<meta property=\"og:type\" content=\"article\" \/>\n<meta property=\"og:title\" content=\"Politique de cookies - Implementadiy\" \/>\n<meta property=\"og:url\" content=\"https:\/\/implementadiy.com\/fr\/politique-de-cookies\/\" \/>\n<meta property=\"og:site_name\" content=\"Implementadiy\" \/>\n<meta property=\"article:modified_time\" content=\"2024-05-04T15:29:40+00:00\" \/>\n<meta name=\"twitter:card\" content=\"summary_large_image\" \/>\n<meta name=\"twitter:label1\" content=\"Dur\u00e9e de lecture estim\u00e9e\" \/>\n\t<meta name=\"twitter:data1\" content=\"1 minute\" \/>\n<script type=\"application\/ld+json\" class=\"yoast-schema-graph\">{\"@context\":\"https:\/\/schema.org\",\"@graph\":[{\"@type\":\"WebPage\",\"@id\":\"https:\/\/implementadiy.com\/fr\/politique-de-cookies\/\",\"url\":\"https:\/\/implementadiy.com\/fr\/politique-de-cookies\/\",\"name\":\"Politique de cookies - Implementadiy\",\"isPartOf\":{\"@id\":\"https:\/\/implementadiy.com\/fr\/#website\"},\"datePublished\":\"2023-02-26T19:10:28+00:00\",\"dateModified\":\"2024-05-04T15:29:40+00:00\",\"breadcrumb\":{\"@id\":\"https:\/\/implementadiy.com\/fr\/politique-de-cookies\/#breadcrumb\"},\"inLanguage\":\"fr-FR\",\"potentialAction\":[{\"@type\":\"ReadAction\",\"target\":[\"https:\/\/implementadiy.com\/fr\/politique-de-cookies\/\"]}]},{\"@type\":\"BreadcrumbList\",\"@id\":\"https:\/\/implementadiy.com\/fr\/politique-de-cookies\/#breadcrumb\",\"itemListElement\":[{\"@type\":\"ListItem\",\"position\":1,\"name\":\"Home\",\"item\":\"https:\/\/implementadiy.com\/fr\/\"},{\"@type\":\"ListItem\",\"position\":2,\"name\":\"Politique de cookies\"}]},{\"@type\":\"WebSite\",\"@id\":\"https:\/\/implementadiy.com\/fr\/#website\",\"url\":\"https:\/\/implementadiy.com\/fr\/\",\"name\":\"Implementadiy\",\"description\":\"Fuerza de ventas\",\"potentialAction\":[{\"@type\":\"SearchAction\",\"target\":{\"@type\":\"EntryPoint\",\"urlTemplate\":\"https:\/\/implementadiy.com\/fr\/?s={search_term_string}\"},\"query-input\":{\"@type\":\"PropertyValueSpecification\",\"valueRequired\":true,\"valueName\":\"search_term_string\"}}],\"inLanguage\":\"fr-FR\"}]}<\/script>\n<!-- \/ Yoast SEO plugin. -->","yoast_head_json":{"title":"Politique de cookies - Implementadiy","robots":{"index":"index","follow":"follow","max-snippet":"max-snippet:-1","max-image-preview":"max-image-preview:large","max-video-preview":"max-video-preview:-1"},"canonical":"https:\/\/implementadiy.com\/fr\/politique-de-cookies\/","og_locale":"fr_FR","og_type":"article","og_title":"Politique de cookies - Implementadiy","og_url":"https:\/\/implementadiy.com\/fr\/politique-de-cookies\/","og_site_name":"Implementadiy","article_modified_time":"2024-05-04T15:29:40+00:00","twitter_card":"summary_large_image","twitter_misc":{"Dur\u00e9e de lecture estim\u00e9e":"1 minute"},"schema":{"@context":"https:\/\/schema.org","@graph":[{"@type":"WebPage","@id":"https:\/\/implementadiy.com\/fr\/politique-de-cookies\/","url":"https:\/\/implementadiy.com\/fr\/politique-de-cookies\/","name":"Politique de cookies - Implementadiy","isPartOf":{"@id":"https:\/\/implementadiy.com\/fr\/#website"},"datePublished":"2023-02-26T19:10:28+00:00","dateModified":"2024-05-04T15:29:40+00:00","breadcrumb":{"@id":"https:\/\/implementadiy.com\/fr\/politique-de-cookies\/#breadcrumb"},"inLanguage":"fr-FR","potentialAction":[{"@type":"ReadAction","target":["https:\/\/implementadiy.com\/fr\/politique-de-cookies\/"]}]},{"@type":"BreadcrumbList","@id":"https:\/\/implementadiy.com\/fr\/politique-de-cookies\/#breadcrumb","itemListElement":[{"@type":"ListItem","position":1,"name":"Home","item":"https:\/\/implementadiy.com\/fr\/"},{"@type":"ListItem","position":2,"name":"Politique de cookies"}]},{"@type":"WebSite","@id":"https:\/\/implementadiy.com\/fr\/#website","url":"https:\/\/implementadiy.com\/fr\/","name":"Implementadiy","description":"Fuerza de ventas","potentialAction":[{"@type":"SearchAction","target":{"@type":"EntryPoint","urlTemplate":"https:\/\/implementadiy.com\/fr\/?s={search_term_string}"},"query-input":{"@type":"PropertyValueSpecification","valueRequired":true,"valueName":"search_term_string"}}],"inLanguage":"fr-FR"}]}},"_links":{"self":[{"href":"https:\/\/implementadiy.com\/fr\/wp-json\/wp\/v2\/pages\/3933","targetHints":{"allow":["GET"]}}],"collection":[{"href":"https:\/\/implementadiy.com\/fr\/wp-json\/wp\/v2\/pages"}],"about":[{"href":"https:\/\/implementadiy.com\/fr\/wp-json\/wp\/v2\/types\/page"}],"author":[{"embeddable":true,"href":"https:\/\/implementadiy.com\/fr\/wp-json\/wp\/v2\/users\/1"}],"replies":[{"embeddable":true,"href":"https:\/\/implementadiy.com\/fr\/wp-json\/wp\/v2\/comments?post=3933"}],"version-history":[{"count":1,"href":"https:\/\/implementadiy.com\/fr\/wp-json\/wp\/v2\/pages\/3933\/revisions"}],"predecessor-version":[{"id":3934,"href":"https:\/\/implementadiy.com\/fr\/wp-json\/wp\/v2\/pages\/3933\/revisions\/3934"}],"wp:attachment":[{"href":"https:\/\/implementadiy.com\/fr\/wp-json\/wp\/v2\/media?parent=3933"}],"curies":[{"name":"wp","href":"https:\/\/api.w.org\/{rel}","templated":true}]}}